{"id":980,"date":"2021-04-18T03:50:49","date_gmt":"2021-04-18T03:50:49","guid":{"rendered":"http:\/\/conseng.com.br\/?page_id=980"},"modified":"2022-05-27T15:16:43","modified_gmt":"2022-05-27T18:16:43","slug":"services","status":"publish","type":"page","link":"https:\/\/conseng.com.br\/?page_id=980","title":{"rendered":"Servi\u00e7os"},"content":{"rendered":"\n\n\t<h1>\n\t\t\t\t\tServi\u00e7os\n\t\t\t\t<\/h1>\n\t<h2>\n\t\t\t\t\tAjudamos voc\u00ea no desenvolvimento de produtos embarcados\n\t\t\t\t<\/h2>\n\t<ul>\n<li>Fazer certo da primeira vez.<\/li>\n<li>Detalhar a ideia inicial no papel antes de investir no desenvolvimento.<\/li>\n<li>Planejamento das vers\u00f5es de desenvolvimento e de produ\u00e7\u00e3o.<\/li>\n<li>Produ\u00e7\u00e3o e Suporte.<\/li>\n<li>Apoio ao time de venda.<\/li>\n<\/ul>\n\t<h2>\n\t\t\t\t\tT\u00f3picos para Discuss\u00e3o\n\t\t\t\t<\/h2>\n\t<h6>\n\t\t\t\t\t01.\n\t\t\t\t<\/h6>\n\t<h4>\n\t\t\t\t\tConceitual\n\t\t\t\t<\/h4>\n\t\t\t<p>Apoio na elabora\u00e7\u00e3o conceitual do projeto, identificando como a solu\u00e7\u00e3o funcionaria e seus principais elementos.<\/p>\n\t<h6>\n\t\t\t\t\t02.\n\t\t\t\t<\/h6>\n\t<h4>\n\t\t\t\t\tHardware\n\t\t\t\t<\/h4>\n\t\t\t<p>Apoio na defini\u00e7\u00e3o do projeto eletr\u00f4nico da solu\u00e7\u00e3o.<\/p>\n\t<h6>\n\t\t\t\t\t03.\n\t\t\t\t<\/h6>\n\t<h4>\n\t\t\t\t\tSoftware\n\t\t\t\t<\/h4>\n\t\t\t<p>Apoio na estrutura\u00e7\u00e3o da solu\u00e7\u00e3o de software e\/ou firmware da solu\u00e7\u00e3o<\/p>\n\t<h6>\n\t\t\t\t\t04.\n\t\t\t\t<\/h6>\n\t<h4>\n\t\t\t\t\tDocumenta\u00e7\u00e3o\n\t\t\t\t<\/h4>\n\t\t\t<p>Suporte na elabora\u00e7\u00e3o da documenta\u00e7\u00e3o do projeto e no planejamento desenvolvimento.<\/p>\n\t<h6>\n\t\t\t\t\t05.\n\t\t\t\t<\/h6>\n\t<h4>\n\t\t\t\t\tTerceiros\n\t\t\t\t<\/h4>\n\t\t\t<p>Suporte no acompanhamento das atividades desenvolvidas por terceiros.<\/p>\n\t<h6>\n\t\t\t\t\t06.\n\t\t\t\t<\/h6>\n\t<h4>\n\t\t\t\t\tPlano de Testes\n\t\t\t\t<\/h4>\n\t\t\t<p>Suporte na identifica\u00e7\u00e3o das normas e legisla\u00e7\u00e3o pertinente que a solu\u00e7\u00e3o precisar\u00e1 atender.<\/p>\n\t<h6>\n\t\t\t\t\t07.\n\t\t\t\t<\/h6>\n\t<h4>\n\t\t\t\t\tQuaifica\u00e7\u00e3o\n\t\t\t\t<\/h4>\n\t\t\t<p>Suporte na identifica\u00e7\u00e3o das normas e legisla\u00e7\u00e3o pertinente que a solu\u00e7\u00e3o precisar\u00e1 atender.<\/p>\n\t<h6>\n\t\t\t\t\t08.\n\t\t\t\t<\/h6>\n\t<h4>\n\t\t\t\t\tCertifica\u00e7\u00f5es\n\t\t\t\t<\/h4>\n\t\t\t<p>Suporte na prepara\u00e7\u00e3o de prot\u00f3tipos para certifica\u00e7\u00f5es, desde a documenta\u00e7\u00e3o inicial at\u00e9 a interface t\u00e9cnica com os organismos certificadores.<\/p>\n\t<h2>\n\t\t\t\t\tPrincipais Servi\u00e7os\n\t\t\t\t<\/h2>\n\t<h6>\n\t\t\t\t\t01.\n\t\t\t\t<\/h6>\n\t<h3>\n\t\t\t\t\tConsultoria\n\t\t\t\t<\/h3>\n\t\t\t<p>Aux\u00edlio ao time de desenvolvimento na defini\u00e7\u00e3o da arquitetura e caracter\u00edsticas de uma nova solu\u00e7\u00e3o.<\/p>\n\t<h6>\n\t\t\t\t\t02.\n\t\t\t\t<\/h6>\n\t<h3>\n\t\t\t\t\tDesenvolver Software\n\t\t\t\t<\/h3>\n\t\t\t<p>Desenvolvimento de programas e firmware para a nova solu\u00e7\u00e3o, incluindo testes e programas especiais para fabrica\u00e7\u00e3o e suporte.<\/p>\n\t<h6>\n\t\t\t\t\t03.\n\t\t\t\t<\/h6>\n\t<h3>\n\t\t\t\t\tDesenvolver Hardware\n\t\t\t\t<\/h3>\n\t\t\t<p>Desenvolvimento da l\u00f3gica embarcada da nova solu\u00e7\u00e3o, desde o diagrama unifilar at\u00e9 o leiaute da PCB.<\/p>\n\t<h6>\n\t\t\t\t\t04.\n\t\t\t\t<\/h6>\n\t<h3>\n\t\t\t\t\tGest\u00e3o do Projeto\n\t\t\t\t<\/h3>\n\t\t\t<p>Gerenciar a equipe de desenvolvimento, sincronizando as atividades dos v\u00e1rios grupos,<\/p>\n\t<h2>\n\t\t\t\t\t<a href=\"mailto:info@conseng.com.br? Subject: motivo do contato&#038;body=descri\u00e7\u00e3o da solicita\u00e7\u00e3o\" title=\"Se necessitar de mais informa\u00e7\u00f5es, por favor, nos envie um e-mail\" target=\"_self\" rel=\"noopener\">\n\t\t\t\t\t\tSe necessitar de mais informa\u00e7\u00f5es, por favor, nos envie um e-mail\n\t\t\t\t\t\t<\/a>\n\t\t\t<\/h2>\n\t\t\t<p>mailto:info@conseng.com.br<\/p>\n\n","protected":false},"excerpt":{"rendered":"<p>Servi\u00e7os Ajudamos voc\u00ea no desenvolvimento de produtos embarcados Fazer certo da primeira vez. Detalhar a ideia inicial no papel antes de investir no desenvolvimento. Planejamento das vers\u00f5es de desenvolvimento e de produ\u00e7\u00e3o. Produ\u00e7\u00e3o e Suporte. Apoio ao time de venda. T\u00f3picos para Discuss\u00e3o 01. Conceitual Apoio na elabora\u00e7\u00e3o conceitual do projeto, identificando como a solu\u00e7\u00e3o &hellip;<\/p>\n<p class=\"read-more\"> <a class=\"\" href=\"https:\/\/conseng.com.br\/?page_id=980\"> <span class=\"screen-reader-text\">Servi\u00e7os<\/span> Leia mais &raquo;<\/a><\/p>\n","protected":false},"author":1,"featured_media":0,"parent":0,"menu_order":0,"comment_status":"closed","ping_status":"closed","template":"","meta":{"om_disable_all_campaigns":false,"_monsterinsights_skip_tracking":false,"_monsterinsights_sitenote_active":false,"_monsterinsights_sitenote_note":"","_monsterinsights_sitenote_category":0,"site-sidebar-layout":"no-sidebar","site-content-layout":"page-builder","ast-global-header-display":"","ast-main-header-display":"","ast-hfb-above-header-display":"","ast-hfb-below-header-display":"","ast-hfb-mobile-header-display":"","site-post-title":"disabled","ast-breadcrumbs-content":"disabled","ast-featured-img":"disabled","footer-sml-layout":"","theme-transparent-header-meta":"enabled","adv-header-id-meta":"","stick-header-meta":"","header-above-stick-meta":"","header-main-stick-meta":"","header-below-stick-meta":""},"_links":{"self":[{"href":"https:\/\/conseng.com.br\/index.php?rest_route=\/wp\/v2\/pages\/980"}],"collection":[{"href":"https:\/\/conseng.com.br\/index.php?rest_route=\/wp\/v2\/pages"}],"about":[{"href":"https:\/\/conseng.com.br\/index.php?rest_route=\/wp\/v2\/types\/page"}],"author":[{"embeddable":true,"href":"https:\/\/conseng.com.br\/index.php?rest_route=\/wp\/v2\/users\/1"}],"replies":[{"embeddable":true,"href":"https:\/\/conseng.com.br\/index.php?rest_route=%2Fwp%2Fv2%2Fcomments&post=980"}],"version-history":[{"count":6,"href":"https:\/\/conseng.com.br\/index.php?rest_route=\/wp\/v2\/pages\/980\/revisions"}],"predecessor-version":[{"id":1131,"href":"https:\/\/conseng.com.br\/index.php?rest_route=\/wp\/v2\/pages\/980\/revisions\/1131"}],"wp:attachment":[{"href":"https:\/\/conseng.com.br\/index.php?rest_route=%2Fwp%2Fv2%2Fmedia&parent=980"}],"curies":[{"name":"wp","href":"https:\/\/api.w.org\/{rel}","templated":true}]}}