{"id":968,"date":"2021-04-17T04:49:59","date_gmt":"2021-04-17T04:49:59","guid":{"rendered":"http:\/\/conseng.com.br\/?page_id=968"},"modified":"2022-05-27T18:58:17","modified_gmt":"2022-05-27T21:58:17","slug":"home","status":"publish","type":"page","link":"https:\/\/conseng.com.br\/","title":{"rendered":"Conseng"},"content":{"rendered":"\t\t<div data-elementor-type=\"wp-page\" data-elementor-id=\"968\" class=\"elementor elementor-968\">\n\t\t\t\t\t\t\t\t\t<section class=\"elementor-section elementor-top-section elementor-element elementor-element-8a8c472 elementor-section-boxed elementor-section-height-default elementor-section-height-default\" data-id=\"8a8c472\" data-element_type=\"section\">\n\t\t\t\t\t\t<div class=\"elementor-container elementor-column-gap-default\">\n\t\t\t\t\t<div class=\"elementor-column elementor-col-100 elementor-top-column elementor-element elementor-element-4c60a8b\" data-id=\"4c60a8b\" data-element_type=\"column\">\n\t\t\t<div class=\"elementor-widget-wrap elementor-element-populated\">\n\t\t\t\t\t\t\t\t<div class=\"elementor-element elementor-element-4cea9ce elementor-widget elementor-widget-spacer\" data-id=\"4cea9ce\" data-element_type=\"widget\" data-widget_type=\"spacer.default\">\n\t\t\t\t<div class=\"elementor-widget-container\">\n\t\t\t<style>\/*! elementor - v3.6.5 - 27-04-2022 *\/\n.e-container.e-container--row .elementor-spacer-inner{width:var(--spacer-size)}.e-container.e-container--column .elementor-spacer-inner,.elementor-column .elementor-spacer-inner{height:var(--spacer-size)}<\/style>\t\t<div class=\"elementor-spacer\">\n\t\t\t<div class=\"elementor-spacer-inner\"><\/div>\n\t\t<\/div>\n\t\t\t\t<\/div>\n\t\t\t\t<\/div>\n\t\t\t\t\t<\/div>\n\t\t<\/div>\n\t\t\t\t\t\t\t<\/div>\n\t\t<\/section>\n\t\t\t\t<section class=\"elementor-section elementor-top-section elementor-element elementor-element-a729c57 elementor-section-boxed elementor-section-height-default elementor-section-height-default\" data-id=\"a729c57\" data-element_type=\"section\">\n\t\t\t\t\t\t<div class=\"elementor-container elementor-column-gap-default\">\n\t\t\t\t\t<div class=\"elementor-column elementor-col-100 elementor-top-column elementor-element elementor-element-63357e4\" data-id=\"63357e4\" data-element_type=\"column\">\n\t\t\t<div class=\"elementor-widget-wrap elementor-element-populated\">\n\t\t\t\t\t\t\t\t<div class=\"elementor-element elementor-element-5f8a58ee elementor-widget elementor-widget-text-editor\" data-id=\"5f8a58ee\" data-element_type=\"widget\" data-widget_type=\"text-editor.default\">\n\t\t\t\t<div class=\"elementor-widget-container\">\n\t\t\t<style>\/*! elementor - v3.6.5 - 27-04-2022 *\/\n.elementor-widget-text-editor.elementor-drop-cap-view-stacked .elementor-drop-cap{background-color:#818a91;color:#fff}.elementor-widget-text-editor.elementor-drop-cap-view-framed .elementor-drop-cap{color:#818a91;border:3px solid;background-color:transparent}.elementor-widget-text-editor:not(.elementor-drop-cap-view-default) .elementor-drop-cap{margin-top:8px}.elementor-widget-text-editor:not(.elementor-drop-cap-view-default) .elementor-drop-cap-letter{width:1em;height:1em}.elementor-widget-text-editor .elementor-drop-cap{float:left;text-align:center;line-height:1;font-size:50px}.elementor-widget-text-editor .elementor-drop-cap-letter{display:inline-block}<\/style>\t\t\t\t<!-- wp:fl-builder\/layout -->\n<p>\u00a0<\/p>\n<h1>Ajudando voc\u00ea em seus projetos especiais de HW &amp; SW<\/h1>\n<p>Podemos ajud\u00e1-lo na estrutura\u00e7\u00e3o de novas solu\u00e7\u00f5es embarcadas e de IoT, desde a defini\u00e7\u00e3o do hardware at\u00e9 a implementa\u00e7\u00e3o do software operacional e de controle.<\/p>\n<h2><a title=\"Se necessitar de mais informa\u00e7\u00f5es, por favor, nos envie um e-mail\" href=\"mailto:info@conseng.com.br? Subject: motivo do contato&amp;body=descri\u00e7\u00e3o da solicita\u00e7\u00e3o\" target=\"_self\" rel=\"noopener\"> Se necessitar de mais informa\u00e7\u00f5es, por favor, nos envie um e-mail <\/a><\/h2>\n<p>mailto:info@conseng.com.br<\/p>\n<!-- \/wp:fl-builder\/layout -->\t\t\t\t\t\t<\/div>\n\t\t\t\t<\/div>\n\t\t\t\t\t<\/div>\n\t\t<\/div>\n\t\t\t\t\t\t\t<\/div>\n\t\t<\/section>\n\t\t\t\t\t\t\t<\/div>\n\t\t","protected":false},"excerpt":{"rendered":"<p>Ajudando voc\u00ea em seus projetos especiais de HW &#038; SW Podemos ajud\u00e1-lo na estrutura\u00e7\u00e3o de novas solu\u00e7\u00f5es embarcadas e de IoT, desde a defini\u00e7\u00e3o do hardware at\u00e9 a implementa\u00e7\u00e3o do software operacional e de controle. Interessado em nossos servi\u00e7os, ou possui alguma d\u00favida em rela\u00e7\u00e3o \u00e0 empresa? Nos envie um e-mail. info@conseng.com.br<\/p>\n","protected":false},"author":1,"featured_media":0,"parent":0,"menu_order":0,"comment_status":"closed","ping_status":"closed","template":"","meta":{"om_disable_all_campaigns":false,"_monsterinsights_skip_tracking":false,"_monsterinsights_sitenote_active":false,"_monsterinsights_sitenote_note":"","_monsterinsights_sitenote_category":0,"site-sidebar-layout":"no-sidebar","site-content-layout":"page-builder","ast-global-header-display":"","ast-main-header-display":"","ast-hfb-above-header-display":"","ast-hfb-below-header-display":"","ast-hfb-mobile-header-display":"","site-post-title":"disabled","ast-breadcrumbs-content":"disabled","ast-featured-img":"disabled","footer-sml-layout":"","theme-transparent-header-meta":"enabled","adv-header-id-meta":"","stick-header-meta":"","header-above-stick-meta":"","header-main-stick-meta":"","header-below-stick-meta":""},"_links":{"self":[{"href":"https:\/\/conseng.com.br\/index.php?rest_route=\/wp\/v2\/pages\/968"}],"collection":[{"href":"https:\/\/conseng.com.br\/index.php?rest_route=\/wp\/v2\/pages"}],"about":[{"href":"https:\/\/conseng.com.br\/index.php?rest_route=\/wp\/v2\/types\/page"}],"author":[{"embeddable":true,"href":"https:\/\/conseng.com.br\/index.php?rest_route=\/wp\/v2\/users\/1"}],"replies":[{"embeddable":true,"href":"https:\/\/conseng.com.br\/index.php?rest_route=%2Fwp%2Fv2%2Fcomments&post=968"}],"version-history":[{"count":20,"href":"https:\/\/conseng.com.br\/index.php?rest_route=\/wp\/v2\/pages\/968\/revisions"}],"predecessor-version":[{"id":1145,"href":"https:\/\/conseng.com.br\/index.php?rest_route=\/wp\/v2\/pages\/968\/revisions\/1145"}],"wp:attachment":[{"href":"https:\/\/conseng.com.br\/index.php?rest_route=%2Fwp%2Fv2%2Fmedia&parent=968"}],"curies":[{"name":"wp","href":"https:\/\/api.w.org\/{rel}","templated":true}]}}